{"id":910,"date":"2016-02-23T10:32:10","date_gmt":"2016-02-23T10:32:10","guid":{"rendered":"https:\/\/www.mugiro.com\/fr\/product\/protector-de-cuello\/"},"modified":"2024-05-20T06:45:39","modified_gmt":"2024-05-20T06:45:39","slug":"protector-de-cuello","status":"publish","type":"product","link":"https:\/\/www.mugiro.com\/fr\/produit\/protector-de-cuello\/","title":{"rendered":"PROT\u00c8GE-COU"},"content":{"rendered":"<p>Fabriqu\u00e9 \u00e0 partir de mat\u00e9riau \u00e9lastique et de vaseline, le prot\u00e8ge-cou forme une couche de protection qui permet de s\u00e9parer le mouvement de la peau de celui de la combinaison, afin de r\u00e9duire compl\u00e8tement le risque de l\u00e9sions cutan\u00e9es. Il se pr\u00e9sente sous forme de collier avec une languette permettant une protection au niveau de la fermeture \u00e9clair de la combinaison en n\u00e9opr\u00e8ne.<\/p>\n<ul>\n<li>\u00c9lastique\u00a0: mise en place facile. (Triathlon\u00a0: pendant la course, se retire aussi rapidement que le bonnet ou les lunettes).<\/li>\n<li>Densit\u00e9 inf\u00e9rieure \u00e0 l\u2019eau (flotte). Ne p\u00e9nalise pas la flottabilit\u00e9 du nageur.<\/li>\n<li>Vendu avec un conteneur plastique pour un stockage et un transport ais\u00e9s.<\/li>\n<li>Compatible avec l\u2019utilisation de vaseline.<\/li>\n<li>Lavable et r\u00e9utilisable.<\/li>\n<\/ul>\n","protected":false},"excerpt":{"rendered":"<p>Prot\u00e8ge les zones les plus sensibles du cou des irritations et blessures provoqu\u00e9es par la combinaison en n\u00e9opr\u00e8ne utilis\u00e9e dans le cadre de sports aquatiques (natation, surf, plong\u00e9e&#8230;).<\/p>\n","protected":false},"featured_media":1148,"comment_status":"open","ping_status":"closed","template":"","meta":[],"product_cat":[22],"product_tag":[],"class_list":{"0":"post-910","1":"product","2":"type-product","3":"status-publish","4":"has-post-thumbnail","6":"product_cat-cuello-fr","8":"first","9":"instock","10":"taxable","11":"shipping-taxable","12":"purchasable","13":"product-type-variable","14":"has-default-attributes"},"_links":{"self":[{"href":"https:\/\/www.mugiro.com\/fr\/wp-json\/wp\/v2\/product\/910","targetHints":{"allow":["GET"]}}],"collection":[{"href":"https:\/\/www.mugiro.com\/fr\/wp-json\/wp\/v2\/product"}],"about":[{"href":"https:\/\/www.mugiro.com\/fr\/wp-json\/wp\/v2\/types\/product"}],"replies":[{"embeddable":true,"href":"https:\/\/www.mugiro.com\/fr\/wp-json\/wp\/v2\/comments?post=910"}],"wp:featuredmedia":[{"embeddable":true,"href":"https:\/\/www.mugiro.com\/fr\/wp-json\/wp\/v2\/media\/1148"}],"wp:attachment":[{"href":"https:\/\/www.mugiro.com\/fr\/wp-json\/wp\/v2\/media?parent=910"}],"wp:term":[{"taxonomy":"product_cat","embeddable":true,"href":"https:\/\/www.mugiro.com\/fr\/wp-json\/wp\/v2\/product_cat?post=910"},{"taxonomy":"product_tag","embeddable":true,"href":"https:\/\/www.mugiro.com\/fr\/wp-json\/wp\/v2\/product_tag?post=910"}],"curies":[{"name":"wp","href":"https:\/\/api.w.org\/{rel}","templated":true}]}}