{"id":852,"date":"2017-01-31T13:58:40","date_gmt":"2017-01-31T13:58:40","guid":{"rendered":"https:\/\/www.mugiro.com\/fr\/product\/protector-de-unas\/"},"modified":"2024-05-20T06:45:40","modified_gmt":"2024-05-20T06:45:40","slug":"protector-de-unas","status":"publish","type":"product","link":"https:\/\/www.mugiro.com\/fr\/produit\/protector-de-unas\/","title":{"rendered":"PROT\u00c8GE-ONGLES"},"content":{"rendered":"<p>Capuchon en tissu \u00e9lastique, dont l\u2019int\u00e9rieur est recouvert de silicone, qui s\u2019adapte parfaitement aux orteils et agit comme une seconde peau pour absorber les impacts et les frottements de la chaussure. Sp\u00e9cialement con\u00e7u pour prot\u00e9ger l\u2019ongle du coureur pendant l\u2019activit\u00e9 sportive.<\/p>\n<ul>\n<li>Compatible avec l\u2019utilisation de vaseline<\/li>\n<li>\u00c9lastique\u00a0: mise en place facile<\/li>\n<li>Longue dur\u00e9e\u00a0: lavable et r\u00e9utilisable<\/li>\n<\/ul>\n","protected":false},"excerpt":{"rendered":"<p>Prot\u00e8ge l\u2019ongle du noircissement et de sa chute ult\u00e9rieure provoqu\u00e9e par les chaussures de sport des coureurs de moyenne et longue distance.<\/p>\n","protected":false},"featured_media":1144,"comment_status":"open","ping_status":"closed","template":"","meta":[],"product_cat":[16],"product_tag":[],"class_list":{"0":"post-852","1":"product","2":"type-product","3":"status-publish","4":"has-post-thumbnail","6":"product_cat-unas-fr","8":"first","9":"instock","10":"taxable","11":"shipping-taxable","12":"purchasable","13":"product-type-variable","14":"has-default-attributes"},"_links":{"self":[{"href":"https:\/\/www.mugiro.com\/fr\/wp-json\/wp\/v2\/product\/852","targetHints":{"allow":["GET"]}}],"collection":[{"href":"https:\/\/www.mugiro.com\/fr\/wp-json\/wp\/v2\/product"}],"about":[{"href":"https:\/\/www.mugiro.com\/fr\/wp-json\/wp\/v2\/types\/product"}],"replies":[{"embeddable":true,"href":"https:\/\/www.mugiro.com\/fr\/wp-json\/wp\/v2\/comments?post=852"}],"wp:featuredmedia":[{"embeddable":true,"href":"https:\/\/www.mugiro.com\/fr\/wp-json\/wp\/v2\/media\/1144"}],"wp:attachment":[{"href":"https:\/\/www.mugiro.com\/fr\/wp-json\/wp\/v2\/media?parent=852"}],"wp:term":[{"taxonomy":"product_cat","embeddable":true,"href":"https:\/\/www.mugiro.com\/fr\/wp-json\/wp\/v2\/product_cat?post=852"},{"taxonomy":"product_tag","embeddable":true,"href":"https:\/\/www.mugiro.com\/fr\/wp-json\/wp\/v2\/product_tag?post=852"}],"curies":[{"name":"wp","href":"https:\/\/api.w.org\/{rel}","templated":true}]}}