{"id":1013,"date":"2021-06-03T10:01:29","date_gmt":"2021-06-03T10:01:29","guid":{"rendered":"https:\/\/www.mugiro.com\/fr\/produit\/protege-cou-copiar\/"},"modified":"2022-09-22T17:16:34","modified_gmt":"2022-09-22T17:16:34","slug":"protege-cou-copiar","status":"publish","type":"product","link":"https:\/\/www.mugiro.com\/fr\/produit\/protege-cou-copiar\/","title":{"rendered":"Balle de massage"},"content":{"rendered":"<p>La balle de massage est con\u00e7ue pour soulager la tension musculaire et apaiser la douleur. Sa forme arrondie facilite son adaptation \u00e0 la forme du corps, elle est ainsi facile \u00e0 utiliser en la faisant rouler sur toute surface plane (sol et mur). Pratique, sa petite taille la rend facile \u00e0 transporter. \u00c0 la maison, elle peut \u00eatre rang\u00e9e sur le support en plastique transparent livr\u00e9 avec le produit.<\/p>\n<ul>\n<li>Elle am\u00e9liore la circulation sanguine. Elle stimule le muscle et augmente ainsi le flux sanguin, ce qui permet de soulager la douleur due \u00e0 une contracture musculaire.<\/li>\n<li>Elle soulage la douleur et d\u00e9tend.  Elle augmente la souplesse et la mobilit\u00e9 en rel\u00e2chant les tensions et en r\u00e9duisant les contractures musculaires.<\/li>\n<li>Elle est facile \u00e0 transporter gr\u00e2ce \u00e0 sa petite taille. L&#8217;emballage peut \u00eatre utilis\u00e9 pour la ranger et la transporter plus facilement.<\/li>\n<li>Design ergonomique et th\u00e9rapeutique. Sa forme totalement circulaire favorise l&rsquo;adaptabilit\u00e9 \u00e0 la surface d&rsquo;application. Ses petits monticules ronds offrent des points de pression qui aident \u00e0 d\u00e9tendre la zone douloureuse et permettent d&rsquo;exercer une force sans causer de douleur \u00e0 la peau.<\/li>\n<li>Lavable et r\u00e9utilisable.<\/li>\n<\/ul>\n","protected":false},"excerpt":{"rendered":"<p>Elle soulage la douleur et la tension musculaire. Elle est efficace pour diminuer la douleur caus\u00e9e par la fasciite plantaire et par les contractures musculaires.<\/p>\n","protected":false},"featured_media":1140,"comment_status":"open","ping_status":"closed","template":"","meta":[],"product_cat":[31,28],"product_tag":[],"class_list":{"0":"post-1013","1":"product","2":"type-product","3":"status-publish","4":"has-post-thumbnail","6":"product_cat-bola-de-masaje-fr","7":"product_cat-bola-de-masaje","9":"first","10":"outofstock","11":"taxable","12":"shipping-taxable","13":"product-type-variable","14":"has-default-attributes"},"_links":{"self":[{"href":"https:\/\/www.mugiro.com\/fr\/wp-json\/wp\/v2\/product\/1013","targetHints":{"allow":["GET"]}}],"collection":[{"href":"https:\/\/www.mugiro.com\/fr\/wp-json\/wp\/v2\/product"}],"about":[{"href":"https:\/\/www.mugiro.com\/fr\/wp-json\/wp\/v2\/types\/product"}],"replies":[{"embeddable":true,"href":"https:\/\/www.mugiro.com\/fr\/wp-json\/wp\/v2\/comments?post=1013"}],"wp:featuredmedia":[{"embeddable":true,"href":"https:\/\/www.mugiro.com\/fr\/wp-json\/wp\/v2\/media\/1140"}],"wp:attachment":[{"href":"https:\/\/www.mugiro.com\/fr\/wp-json\/wp\/v2\/media?parent=1013"}],"wp:term":[{"taxonomy":"product_cat","embeddable":true,"href":"https:\/\/www.mugiro.com\/fr\/wp-json\/wp\/v2\/product_cat?post=1013"},{"taxonomy":"product_tag","embeddable":true,"href":"https:\/\/www.mugiro.com\/fr\/wp-json\/wp\/v2\/product_tag?post=1013"}],"curies":[{"name":"wp","href":"https:\/\/api.w.org\/{rel}","templated":true}]}}