{"id":995,"date":"2021-06-03T10:01:29","date_gmt":"2021-06-03T10:01:29","guid":{"rendered":"https:\/\/www.mugiro.com\/es\/producto\/bola-de-masaje\/"},"modified":"2026-02-06T10:20:47","modified_gmt":"2026-02-06T10:20:47","slug":"bola-de-masaje","status":"publish","type":"product","link":"https:\/\/www.mugiro.com\/es\/producto\/bola-de-masaje\/","title":{"rendered":"Bola de masaje"},"content":{"rendered":"<p>La bola de masaje est\u00e1 pensada para aliviar tensi\u00f3n muscular y calmar el dolor. Su forma redonda facilita su adaptaci\u00f3n a la forma del cuerpo lo que la hace f\u00e1cil de usar al poder hacerla rodar por cualquier superficie plana (suelo y pared). Su tama\u00f1o reducido hace que sea f\u00e1cil y c\u00f3modo de transportar. Para guardarla en casa puede usarse el soporte de pl\u00e1stico transparente con el que se entrega el producto.<\/p>\n<ul>\n<li>Mejora la circulaci\u00f3n sangu\u00ednea. Estimula el m\u00fasculo haciendo que se produzca un mayor flujo sangu\u00edneo, lo cual ayuda a aliviar el dolor causado por la contractura muscular.<\/li>\n<li>Alivia el dolor y relaja. Al relajar la tensi\u00f3n y reducir las contracturas musculares aumenta la flexibilidad y movilidad.<\/li>\n<li>F\u00e1cil de transportar por su peque\u00f1o tama\u00f1o. El envase puede ser usado para guardarla y poder as\u00ed transportarla m\u00e1s f\u00e1cilmente.<\/li>\n<li>Dise\u00f1o ergon\u00f3mico y terap\u00e9utico. Su forma totalmente circular favorece la adaptabilidad a la superficie de aplicaci\u00f3n. Sus peque\u00f1os mont\u00edculos redondos, proporcionan puntos de presi\u00f3n que contribuyen a destensionar la zona dolorida, y permiten ejercitar fuerza sin causar dolor en la piel.<\/li>\n<li>Lavable y reutilizable.<\/li>\n<\/ul>\n","protected":false},"excerpt":{"rendered":"<p>Dise\u00f1ada para aliviar el dolor y la tensi\u00f3n muscular. Efectiva para reducir el dolor causado por la fascitis plantar y el dolor causado por las contracturas musculares.<\/p>\n","protected":false},"featured_media":1138,"comment_status":"open","ping_status":"closed","template":"","meta":[],"product_cat":[28],"product_tag":[],"class_list":{"0":"post-995","1":"product","2":"type-product","3":"status-publish","4":"has-post-thumbnail","6":"product_cat-bola-de-masaje","8":"first","9":"outofstock","10":"taxable","11":"shipping-taxable","12":"product-type-variable","13":"has-default-attributes"},"_links":{"self":[{"href":"https:\/\/www.mugiro.com\/es\/wp-json\/wp\/v2\/product\/995","targetHints":{"allow":["GET"]}}],"collection":[{"href":"https:\/\/www.mugiro.com\/es\/wp-json\/wp\/v2\/product"}],"about":[{"href":"https:\/\/www.mugiro.com\/es\/wp-json\/wp\/v2\/types\/product"}],"replies":[{"embeddable":true,"href":"https:\/\/www.mugiro.com\/es\/wp-json\/wp\/v2\/comments?post=995"}],"wp:featuredmedia":[{"embeddable":true,"href":"https:\/\/www.mugiro.com\/es\/wp-json\/wp\/v2\/media\/1138"}],"wp:attachment":[{"href":"https:\/\/www.mugiro.com\/es\/wp-json\/wp\/v2\/media?parent=995"}],"wp:term":[{"taxonomy":"product_cat","embeddable":true,"href":"https:\/\/www.mugiro.com\/es\/wp-json\/wp\/v2\/product_cat?post=995"},{"taxonomy":"product_tag","embeddable":true,"href":"https:\/\/www.mugiro.com\/es\/wp-json\/wp\/v2\/product_tag?post=995"}],"curies":[{"name":"wp","href":"https:\/\/api.w.org\/{rel}","templated":true}]}}