{"id":365,"date":"2017-01-31T13:58:40","date_gmt":"2017-01-31T13:58:40","guid":{"rendered":"http:\/\/www.mugiro.com\/es\/producto\/protector-de-unas\/"},"modified":"2026-02-06T09:44:53","modified_gmt":"2026-02-06T09:44:53","slug":"protector-de-unas","status":"publish","type":"product","link":"https:\/\/www.mugiro.com\/es\/producto\/protector-de-unas\/","title":{"rendered":"Protector de u\u00f1as"},"content":{"rendered":"<p>Dedal de tejido el\u00e1stico, recubierto en su interior de silicona, que se adapta perfectamente a los dedos del pie actuando como una segunda piel que absorbe impactos y rozaduras del calzado. Especialmente dise\u00f1ado para proteger la u\u00f1a del corredor durante la pr\u00e1ctica deportiva.<\/p>\n<ul>\n<li>Compatible con el uso de vaselina<\/li>\n<li>El\u00e1stico: se coloca muy f\u00e1cilmente<\/li>\n<li>Larga duraci\u00f3n: lavable y reutilizable<\/li>\n<\/ul>\n","protected":false},"excerpt":{"rendered":"<p>Protege la u\u00f1a del ennegrecimiento y posterior ca\u00edda causada por el calzado deportivo de los corredores de media y larga distancia.<\/p>\n","protected":false},"featured_media":1142,"comment_status":"open","ping_status":"closed","template":"","meta":[],"product_cat":[13],"product_tag":[],"class_list":{"0":"post-365","1":"product","2":"type-product","3":"status-publish","4":"has-post-thumbnail","6":"product_cat-unas","8":"first","9":"instock","10":"taxable","11":"shipping-taxable","12":"purchasable","13":"product-type-variable","14":"has-default-attributes"},"_links":{"self":[{"href":"https:\/\/www.mugiro.com\/es\/wp-json\/wp\/v2\/product\/365","targetHints":{"allow":["GET"]}}],"collection":[{"href":"https:\/\/www.mugiro.com\/es\/wp-json\/wp\/v2\/product"}],"about":[{"href":"https:\/\/www.mugiro.com\/es\/wp-json\/wp\/v2\/types\/product"}],"replies":[{"embeddable":true,"href":"https:\/\/www.mugiro.com\/es\/wp-json\/wp\/v2\/comments?post=365"}],"wp:featuredmedia":[{"embeddable":true,"href":"https:\/\/www.mugiro.com\/es\/wp-json\/wp\/v2\/media\/1142"}],"wp:attachment":[{"href":"https:\/\/www.mugiro.com\/es\/wp-json\/wp\/v2\/media?parent=365"}],"wp:term":[{"taxonomy":"product_cat","embeddable":true,"href":"https:\/\/www.mugiro.com\/es\/wp-json\/wp\/v2\/product_cat?post=365"},{"taxonomy":"product_tag","embeddable":true,"href":"https:\/\/www.mugiro.com\/es\/wp-json\/wp\/v2\/product_tag?post=365"}],"curies":[{"name":"wp","href":"https:\/\/api.w.org\/{rel}","templated":true}]}}