{"id":16,"date":"2016-02-23T10:32:10","date_gmt":"2016-02-23T10:32:10","guid":{"rendered":"http:\/\/mugiro.com\/\/?post_type=product&#038;p=16"},"modified":"2026-02-06T10:57:18","modified_gmt":"2026-02-06T10:57:18","slug":"protector-de-cuello","status":"publish","type":"product","link":"https:\/\/www.mugiro.com\/es\/producto\/protector-de-cuello\/","title":{"rendered":"Protector de cuello"},"content":{"rendered":"<p>Fabricado con material el\u00e1stico y vaselina, genera una capa de protecci\u00f3n que consigue separar el movimiento de la piel y del traje, reduciendo por completo el riesgo de lesiones en la piel. Dise\u00f1ado en forma de collar con una extensi\u00f3n en forma de leng\u00fceta, extiende la protecci\u00f3n a la zona del cierre de la cremallera del neopreno.<\/p>\n<ul>\n<li>El\u00e1stico: se coloca muy f\u00e1cilmente. (Triatl\u00f3n: en carrera se retira igual de r\u00e1pido que el gorro o las gafas).<\/li>\n<li>Densidad inferior al agua (flota). No penaliza la flotabilidad del nadador.<\/li>\n<li>Se vende con un envase pl\u00e1stico para su f\u00e1cil conservaci\u00f3n y traslado.<\/li>\n<li>Compatible con el uso de vaselina.<\/li>\n<li>Lavable y reutilizable.<\/li>\n<\/ul>\n","protected":false},"excerpt":{"rendered":"<p>Protege las zonas m\u00e1s sensibles del cuello de rozaduras y heridas creadas por el traje de neopreno en deportes acu\u00e1ticos (nataci\u00f3n, surf, submarinismo\u2026).<\/p>\n","protected":false},"featured_media":1146,"comment_status":"open","ping_status":"closed","template":"","meta":[],"product_cat":[7],"product_tag":[],"class_list":{"0":"post-16","1":"product","2":"type-product","3":"status-publish","4":"has-post-thumbnail","6":"product_cat-cuello","8":"first","9":"instock","10":"taxable","11":"shipping-taxable","12":"purchasable","13":"product-type-variable","14":"has-default-attributes"},"_links":{"self":[{"href":"https:\/\/www.mugiro.com\/es\/wp-json\/wp\/v2\/product\/16","targetHints":{"allow":["GET"]}}],"collection":[{"href":"https:\/\/www.mugiro.com\/es\/wp-json\/wp\/v2\/product"}],"about":[{"href":"https:\/\/www.mugiro.com\/es\/wp-json\/wp\/v2\/types\/product"}],"replies":[{"embeddable":true,"href":"https:\/\/www.mugiro.com\/es\/wp-json\/wp\/v2\/comments?post=16"}],"wp:featuredmedia":[{"embeddable":true,"href":"https:\/\/www.mugiro.com\/es\/wp-json\/wp\/v2\/media\/1146"}],"wp:attachment":[{"href":"https:\/\/www.mugiro.com\/es\/wp-json\/wp\/v2\/media?parent=16"}],"wp:term":[{"taxonomy":"product_cat","embeddable":true,"href":"https:\/\/www.mugiro.com\/es\/wp-json\/wp\/v2\/product_cat?post=16"},{"taxonomy":"product_tag","embeddable":true,"href":"https:\/\/www.mugiro.com\/es\/wp-json\/wp\/v2\/product_tag?post=16"}],"curies":[{"name":"wp","href":"https:\/\/api.w.org\/{rel}","templated":true}]}}