{"id":36,"date":"2016-03-15T14:46:48","date_gmt":"2016-03-15T14:46:48","guid":{"rendered":"http:\/\/mugiro.com\/?page_id=36"},"modified":"2021-04-06T08:35:38","modified_gmt":"2021-04-06T08:35:38","slug":"aviso-legal","status":"publish","type":"page","link":"https:\/\/www.mugiro.com\/es\/aviso-legal\/","title":{"rendered":"Aviso Legal y Pol\u00edtica de Privacidad"},"content":{"rendered":"<p>PROTECCI\u00d3N DE DATOS PERSONALES<\/p>\n<p>Los usuarios se comprometen a navegar por la p\u00e1gina web y a utilizar el contenido de buena fe. En cumplimiento de lo establecido en la Ley Org\u00e1nica 15\/1999, de Protecci\u00f3n de Datos de Car\u00e1cter Personal, le informamos de que la cumplimentaci\u00f3n de cualquier formulario existente en Sitio Web www.mugiro.como la remisi\u00f3n de un correo electr\u00f3nico a cualquiera de nuestros buzones implica la aceptaci\u00f3n de esta pol\u00edtica de privacidad, as\u00ed como la autorizaci\u00f3n a Mugiro Sports, S.L. para que trate los datos personales que nos facilite. El consentimiento puede revocarse en cualquier momento enviando un email a info@mugiro.com Los datos de los Usuarios ser\u00e1n utilizados para el env\u00edo a trav\u00e9s de email de las ventas que realice Mugiro Sports, S.L.y para la entrega de las compras. Por la mera visita a la web, los Usuarios no facilitan informaci\u00f3n personal alguna ni queda obligado a facilitarla. El ordenador donde est\u00e1 alojada la web utiliza cookies para mejorar el servicio prestado por Mugiro Sports, S.L.<\/p>\n<p>Estas cookies se instalan autom\u00e1ticamente en el ordenador empleado por los clientes y usuarios pero no almacenan ning\u00fan tipo de informaci\u00f3n relativa a \u00e9stos. Mugiro Sports, S.L. se compromete a guardar la m\u00e1xima reserva y confidencialidad sobre la informaci\u00f3n que le sea facilitada y a utilizarla \u00fanicamente para los fines indicados. Mugiro Sports, S.L. presume que los datos han sido introducidos por su titular o por persona autorizada por \u00e9ste, as\u00ed como que son correctos y exactos. Corresponde a los usuarios la actualizaci\u00f3n de sus propios datos. En cualquier momento, el cliente tendr\u00e1 el derecho de acceso, rectificaci\u00f3n, cancelaci\u00f3n y oposici\u00f3n a todos sus datos personales incluidos en los distintos formularios de alta. Para ejercitar esta facultad el cliente deber\u00e1 acceder a www.mugiro.com, al apartado \u00abMi Cuenta\u00bb. Por lo tanto, el cliente es responsable de la veracidad de los datos y Mugiro Sports, S.L. no ser\u00e1 responsable de la inexactitud de los datos personales de los usuarios. Conforme a la legislaci\u00f3n vigente en materia de protecci\u00f3n de datos, Mugiro Sports, S.L. ha adoptado los niveles de seguridad adecuados a los datos facilitados por los usuarios y, adem\u00e1s, ha instalado todos los medios y medidas a su alcance para evitar la p\u00e9rdida, mal uso, alteraci\u00f3n, acceso no autorizado y extracci\u00f3n de los mismos.<\/p>\n<p>CONDICIONES DE USO<\/p>\n<p>OBJETO Y GENERALIDADES<\/p>\n<p>Las presentes Condiciones Generales de Uso, Condiciones de Venta y Pol\u00edtica de Privacidad (en adelante, \u00abCU\u00bb) regulan el uso del sitio web www.mugiro.com\u00a0(en adelante \u00abel Sitio Web\u00bb), de la que Mugiro Sports, S.L. (en adelante \u00bb Mugiro Sports, S.L.\u00bb) es titular. Mugiro Sports, S.L., es una sociedad con NIF: B666943008, con domicilio en Paseo Bonanova 39, planta Atico, puerta 1, 08022 &#8211; Barcelona. A trav\u00e9s de su sitio www.mugiro.com, Mugiro Sports, S.L. proporciona informaci\u00f3n acerca de sus productos y servicios y ofrece la posibilidad de su contrataci\u00f3n. Debido al contenido y la finalidad del Sitio Web, las personas que quieran adquirir sus productos deben ser clientes, para la cual se requiere completar el formulario de registro y seguir los pasos que Mugiro Sports, S.L. posteriormente comunica a trav\u00e9s de email. La condici\u00f3n de cliente supone la adhesi\u00f3n a las CU en la versi\u00f3n publicada en el momento en que se acceda al Sitio Web. En cualquier caso, existen p\u00e1ginas del Sitio Web accesibles a personas f\u00edsicas o jur\u00eddicas que no lleguen a registrarse ni inicien una compra de producto (en adelante, \u00abUsuarios\u00bb). En este sentido, los Usuarios que accedan a estas partes del Sitio Web aceptan quedar sometidos a los t\u00e9rminos y condiciones recogidos en estas Condiciones Generales, en la medida que ello les pueda ser de aplicaci\u00f3n.<\/p>\n<p>&nbsp;<\/p>\n<p>DEVOLUCI\u00d3N DE PEDIDOS POR CAUSAS AJENAS A MUGIRO<\/p>\n<p>El producto podr\u00e1 ser devuelto a Mugiro siempre que no haya sido manipulado ni utilizado. En su envase original, y con portes a cargo del cliente. En la devoluci\u00f3n se descontar\u00e1n los gastos de env\u00edo que hubiera tenido Mugiro al enviar el pedido.<\/p>\n<p>&nbsp;<\/p>\n<p>GARANT\u00cdA SOBRE EL PRODUCTO<\/p>\n<p>Mugiro Sports, S.L. responde sobre cualquier fallo de calidad que haya podido ocurrir sobre el producto en su proceso de fabricaci\u00f3n y no se haya detectado en los controles de calidad. En caso de fallos de fabricaci\u00f3n, Mugiro Sports, S.L. tras analizar el producto y confirmar dichos fallos, abonar\u00e1 completamente o repondr\u00e1 el producto al cliente.<\/p>\n<p>&nbsp;<\/p>\n<p>PROPIEDAD INTELECTUAL E INDUSTRIAL<\/p>\n<p>Mugiro Sports, S.L. ostenta todos los derechos sobre el contenido, dise\u00f1o y c\u00f3digo fuente de esta p\u00e1gina web y, en especial, con car\u00e1cter enunciativo pero no limitativo, sobre las fotograf\u00edas, im\u00e1genes, textos, logos, dise\u00f1os, marcas, nombres comerciales y datos que se incluyen en la web. Se advierte a clientes y usuarios de que tales derechos est\u00e1n protegidos por la legislaci\u00f3n vigente espa\u00f1ola e internacional relativa a la propiedad intelectual e industrial. Asimismo, y sin prejuicio de lo anterior, el contenido de esta web tambi\u00e9n tiene la consideraci\u00f3n de programa inform\u00e1tico, y, por lo tanto, le resulta tambi\u00e9n de aplicaci\u00f3n toda la normativa espa\u00f1ola y comunitaria europea vigente en la materia. Queda expresamente prohibida la reproducci\u00f3n total o parcial de esta web, ni siquiera mediante un hiperenlace, ni de cualquiera de sus contenidos, sin el permiso expreso y por escrito de Mugiro Sports, S.L. Asimismo queda totalmente prohibida la copia, reproducci\u00f3n, adaptaci\u00f3n, modificaci\u00f3n, distribuci\u00f3n, comercializaci\u00f3n, comunicaci\u00f3n p\u00fablica y\/o cualquier otra acci\u00f3n que comporte una infracci\u00f3n de la normativa vigente espa\u00f1ola y\/o internacional en materia de propiedad intelectual y\/o industrial, as\u00ed como el uso de los contenidos de la web si no es con la previa autorizaci\u00f3n expresa y por escrito de Mugiro Sports, S.L. Mugiro Sports, S.L. \u00a0informa que no concede licencia o autorizaci\u00f3n impl\u00edcita alguna sobre los derechos de propiedad intelectual y\/o industrial o sobre cualquier otro derecho o propiedad relacionado, directa o indirectamente, con los contenidos incluidos en la web.<\/p>\n<p>NUESTRA RESPONSABILIDAD<\/p>\n<p>Mugiro Sports, S.L. no asume responsabilidad alguna derivada, a t\u00edtulo enunciativo pero no limitativo: de la utilizaci\u00f3n que los clientes o usuarios puedan hacer de los materiales de esta web o webs de enlace, ya sean prohibidos o permitidos, en infracci\u00f3n de los derechos de propiedad intelectual y\/o industrial de contenidos de la web o de terceros. De los eventuales da\u00f1os y perjuicios a los Clientes o Usuarios causados por un funcionamiento normal o anormal de las herramientas de b\u00fasqueda, de la organizaci\u00f3n o la localizaci\u00f3n de los contenidos y\/o acceso a la web y, en general, de los errores o problemas que se generen en el desarrollo o instrumentaci\u00f3n de los elementos t\u00e9cnicos que la web o un programa facilite al Usuario. De los contenidos de aquellas p\u00e1ginas a las que los clientes o usuarios puedan acceder desde enlaces incluidos en la web, ya sean autorizados o no. De los actos u omisiones de terceros, con independencia de que estos terceros pudiesen estar unidos a Mugiro Sports, S.L. mediante v\u00eda contractual. Del acceso de menores de edad a los contenidos incluidos en la web, siendo responsabilidad de sus progenitores o tutores ejercer un control adecuado sobre la actividad de los hijos o menores a su cargo o bien instalar alguna de las herramientas de control del uso de Internet con el objeto de evitar (i) el env\u00edo de datos personales sin la previa autorizaci\u00f3n de sus progenitores o tutores. De las comunicaciones o di\u00e1logos en el transcurso de los debates, foros, chats y comunidades virtuales que se organicen a trav\u00e9s de o entorno a la web y\/o webs de enlace, ni responder\u00e1, por tanto, de los eventuales da\u00f1os y prejuicios que sufran los clientes o usuarios particulares y\/o colectivos a consecuencia de dichas comunicaciones y\/o di\u00e1logos. Mugiro Sports, S.L. no ser\u00e1 responsable en ning\u00fan caso cuando se produzcan: Errores o retrasos en el acceso al Sitio Web por parte del cliente a la hora de introducir sus datos en el formulario de pedido, la lentitud o imposibilidad de recepci\u00f3n por parte de los destinatarios de la confirmaci\u00f3n del pedido o cualquier anomal\u00eda que pueda surgir cuando estas incidencias sean debidas a problemas en la red Internet, causas de caso fortuito o fuerza mayor y cualquier otra contingencia imprevisible ajena a la buena fe de Mugiro Sports, S.L. Fallos o incidencias que pudieran producirse en las comunicaciones, borrado o transmisiones incompletas, de manera que no se garantiza que los servicios del sitio web est\u00e9n constantemente operativos. De los errores o da\u00f1os producidos al sitio web por un uso del servicio ineficiente y de mala fe por parte del cliente. De la no operatividad o problemas en la direcci\u00f3n de email facilitada por el cliente para el env\u00edo de la confirmaci\u00f3n del pedido. En todo caso, Mugiro Sports, S.L. se compromete a solucionar los problemas que puedan surgir y a ofrecer todo el apoyo necesario al Socio para llegar a una soluci\u00f3n r\u00e1pida y satisfactoria de la incidencia. Asimismo, Mugiro Sports, S.L. tiene derecho a realizar durante intervalos temporales definidos, campa\u00f1as promocionales para promover el registro de nuevos miembros en su servicio. Mugiro Sports, S.L. se reserva el derecho de modificar las condiciones de aplicaci\u00f3n de las promociones, prorrogarlas comunic\u00e1ndolo debidamente, o proceder a la exclusi\u00f3n de cualquiera de los participantes de la promoci\u00f3n en el supuesto de detectar cualquier anomal\u00eda, abuso o comportamiento poco \u00e9tico en la participaci\u00f3n de los mismos.<\/p>\n<p>NULIDAD<\/p>\n<p>En caso de que cualquier cl\u00e1usula de las presentes CU sea declarada nula, las dem\u00e1s cl\u00e1usulas seguir\u00e1n vigentes y se interpretar\u00e1n teniendo en cuenta la voluntad de las partes y la finalidad misma de las presentes CU. Mugiro Sports, S.L. podr\u00e1 no ejercitar alguno de los derechos y facultades conferidos en este documento lo que no implicar\u00e1 en ning\u00fan caso la renuncia a los mismos salvo reconocimiento expreso por parte de Mugiro Sports, S.L. \u00a0o prescripci\u00f3n de la acci\u00f3n que en cada caso corresponda.<\/p>\n<p>MODIFICACI\u00d3N DE LAS CONDICIONES DE USO<\/p>\n<p>Mugiro Sports, S.L. se reserva el derecho de modificar, en cualquier momento, la presentaci\u00f3n y configuraci\u00f3n del Sitio Web, as\u00ed como las presentes Condiciones Generales. Por ello, Mugiro Sports, S.L. recomienda al cliente leerlas atentamente cada vez que acceda al Sitio Web. Clientes y usuarios siempre dispondr\u00e1n de estas CU en un sitio visible, libremente accesible para cuantas consultas quiera realizar. En cualquier caso, la aceptaci\u00f3n de las CU ser\u00e1 un paso previo e indispensable a la adquisici\u00f3n de cualquier producto disponible a trav\u00e9s del Sitio Web.<\/p>\n<p>LEY APLICABLE Y ARBITRAJE<\/p>\n<p>Las presentes CU se rigen por la legislaci\u00f3n espa\u00f1ola aplicable en la materia. Para resolver cualquier controversia o conflicto que se derive de las presentes CU, las partes se someten a la jurisdicci\u00f3n de los tribunales de la ciudad de Barcelona, salvo que la ley imponga otra jurisdicci\u00f3n.<\/p>\n<p>&nbsp;<\/p>\n","protected":false},"excerpt":{"rendered":"<p>PROTECCI\u00d3N DE DATOS PERSONALES Los usuarios se comprometen a navegar por la p\u00e1gina web y a utilizar el contenido de buena fe. En cumplimiento de lo establecido en la Ley Org\u00e1nica 15\/1999, de Protecci\u00f3n de Datos de Car\u00e1cter Personal, le informamos de que la cumplimentaci\u00f3n de cualquier formulario existente en Sitio Web www.mugiro.como la remisi\u00f3n [&hellip;]<\/p>\n","protected":false},"author":1,"featured_media":0,"parent":0,"menu_order":0,"comment_status":"closed","ping_status":"closed","template":"","meta":{"footnotes":""},"class_list":["post-36","page","type-page","status-publish","hentry"],"_links":{"self":[{"href":"https:\/\/www.mugiro.com\/es\/wp-json\/wp\/v2\/pages\/36","targetHints":{"allow":["GET"]}}],"collection":[{"href":"https:\/\/www.mugiro.com\/es\/wp-json\/wp\/v2\/pages"}],"about":[{"href":"https:\/\/www.mugiro.com\/es\/wp-json\/wp\/v2\/types\/page"}],"author":[{"embeddable":true,"href":"https:\/\/www.mugiro.com\/es\/wp-json\/wp\/v2\/users\/1"}],"replies":[{"embeddable":true,"href":"https:\/\/www.mugiro.com\/es\/wp-json\/wp\/v2\/comments?post=36"}],"version-history":[{"count":2,"href":"https:\/\/www.mugiro.com\/es\/wp-json\/wp\/v2\/pages\/36\/revisions"}],"predecessor-version":[{"id":978,"href":"https:\/\/www.mugiro.com\/es\/wp-json\/wp\/v2\/pages\/36\/revisions\/978"}],"wp:attachment":[{"href":"https:\/\/www.mugiro.com\/es\/wp-json\/wp\/v2\/media?parent=36"}],"curies":[{"name":"wp","href":"https:\/\/api.w.org\/{rel}","templated":true}]}}