{"id":928,"date":"2016-02-23T10:32:10","date_gmt":"2016-02-23T10:32:10","guid":{"rendered":"https:\/\/www.mugiro.com\/de\/product\/protector-de-cuello\/"},"modified":"2022-09-22T17:15:03","modified_gmt":"2022-09-22T17:15:03","slug":"protector-de-cuello","status":"publish","type":"product","link":"https:\/\/www.mugiro.com\/de\/produkt\/protector-de-cuello\/","title":{"rendered":"NACKENSCHUTZ"},"content":{"rendered":"<p>Aus elastischem Material und Vaseline. Bildet eine Schutzschicht zwischen der Haut und dem Anzug, was die Gefahr von Hautverletzungen weitestgehend minimiert. In Form eines Kragens mit verl\u00e4ngerter R\u00fcckseite, damit die Haut auch vor dem Rei\u00dfverschluss des Neoprenanzuges gesch\u00fctzt ist.<\/p>\n<ul>\n<li>Elastisch: einfach anzulegen. (Bei Triathlon: w\u00e4hrend des Laufens genauso schnell abnehmbar wie eine M\u00fctze oder Brille).<\/li>\n<li>Niedrigere Dichte als Wasser (schwimmt oben). Der Auftrieb des Schwimmers wird dadurch nicht beeintr\u00e4chtigt.<\/li>\n<li>In einer praktischen Kunststoffdose f\u00fcr einfache Aufbewahrung und Transport.<\/li>\n<li>Mit Vaseline kompatibel.<\/li>\n<li>Waschbar und wiederverwendbar.<\/li>\n<\/ul>\n","protected":false},"excerpt":{"rendered":"<p>Sch\u00fctzt den Hals vor Scheuerstellen und Wunden durch das Tragen eines Neoprenanzugs beim Wassersport (Schwimmen, Surfen, Tauchen\u00a0&#8230;).<\/p>\n","protected":false},"featured_media":1149,"comment_status":"open","ping_status":"closed","template":"","meta":[],"product_cat":[23],"product_tag":[],"class_list":{"0":"post-928","1":"product","2":"type-product","3":"status-publish","4":"has-post-thumbnail","6":"product_cat-cuello-de","8":"first","9":"instock","10":"taxable","11":"shipping-taxable","12":"purchasable","13":"product-type-variable","14":"has-default-attributes"},"_links":{"self":[{"href":"https:\/\/www.mugiro.com\/de\/wp-json\/wp\/v2\/product\/928","targetHints":{"allow":["GET"]}}],"collection":[{"href":"https:\/\/www.mugiro.com\/de\/wp-json\/wp\/v2\/product"}],"about":[{"href":"https:\/\/www.mugiro.com\/de\/wp-json\/wp\/v2\/types\/product"}],"replies":[{"embeddable":true,"href":"https:\/\/www.mugiro.com\/de\/wp-json\/wp\/v2\/comments?post=928"}],"wp:featuredmedia":[{"embeddable":true,"href":"https:\/\/www.mugiro.com\/de\/wp-json\/wp\/v2\/media\/1149"}],"wp:attachment":[{"href":"https:\/\/www.mugiro.com\/de\/wp-json\/wp\/v2\/media?parent=928"}],"wp:term":[{"taxonomy":"product_cat","embeddable":true,"href":"https:\/\/www.mugiro.com\/de\/wp-json\/wp\/v2\/product_cat?post=928"},{"taxonomy":"product_tag","embeddable":true,"href":"https:\/\/www.mugiro.com\/de\/wp-json\/wp\/v2\/product_tag?post=928"}],"curies":[{"name":"wp","href":"https:\/\/api.w.org\/{rel}","templated":true}]}}