{"id":859,"date":"2017-01-31T13:58:40","date_gmt":"2017-01-31T13:58:40","guid":{"rendered":"https:\/\/www.mugiro.com\/de\/product\/protector-de-unas\/"},"modified":"2024-05-20T06:45:39","modified_gmt":"2024-05-20T06:45:39","slug":"protector-de-unas","status":"publish","type":"product","link":"https:\/\/www.mugiro.com\/de\/produkt\/protector-de-unas\/","title":{"rendered":"ZEHENSCHUTZKAPPE"},"content":{"rendered":"<p>Zehenkappe aus elastischem Gewebe, das auf der Innenseite mit Silikon beschichtet ist. Passt sich wie eine zweite Haut an die Zehen an, wirkt sto\u00dfd\u00e4mpfend und sch\u00fctzt vor Scheuerstellen durch den Schuh. Speziell entwickelt, um den Zehennagel w\u00e4hrend des Sporttrainings zu sch\u00fctzen.<\/p>\n<ul>\n<li>Mit Vaseline kompatibel<\/li>\n<li>Elastisch: einfach anzulegen<\/li>\n<li>Lange Lebensdauer: waschbar und wiederverwendbar<\/li>\n<\/ul>\n","protected":false},"excerpt":{"rendered":"<p>Sch\u00fctzt den Nagel vor schwarzer Verf\u00e4rbung und Abl\u00f6sung durch das Tragen von Sportschuhen bei Mittel- und Langstreckenl\u00e4ufern.<\/p>\n","protected":false},"featured_media":1145,"comment_status":"open","ping_status":"closed","template":"","meta":[],"product_cat":[17],"product_tag":[],"class_list":{"0":"post-859","1":"product","2":"type-product","3":"status-publish","4":"has-post-thumbnail","6":"product_cat-unas-de","8":"first","9":"instock","10":"taxable","11":"shipping-taxable","12":"purchasable","13":"product-type-variable","14":"has-default-attributes"},"_links":{"self":[{"href":"https:\/\/www.mugiro.com\/de\/wp-json\/wp\/v2\/product\/859","targetHints":{"allow":["GET"]}}],"collection":[{"href":"https:\/\/www.mugiro.com\/de\/wp-json\/wp\/v2\/product"}],"about":[{"href":"https:\/\/www.mugiro.com\/de\/wp-json\/wp\/v2\/types\/product"}],"replies":[{"embeddable":true,"href":"https:\/\/www.mugiro.com\/de\/wp-json\/wp\/v2\/comments?post=859"}],"wp:featuredmedia":[{"embeddable":true,"href":"https:\/\/www.mugiro.com\/de\/wp-json\/wp\/v2\/media\/1145"}],"wp:attachment":[{"href":"https:\/\/www.mugiro.com\/de\/wp-json\/wp\/v2\/media?parent=859"}],"wp:term":[{"taxonomy":"product_cat","embeddable":true,"href":"https:\/\/www.mugiro.com\/de\/wp-json\/wp\/v2\/product_cat?post=859"},{"taxonomy":"product_tag","embeddable":true,"href":"https:\/\/www.mugiro.com\/de\/wp-json\/wp\/v2\/product_tag?post=859"}],"curies":[{"name":"wp","href":"https:\/\/api.w.org\/{rel}","templated":true}]}}