{"id":1004,"date":"2021-06-03T10:01:29","date_gmt":"2021-06-03T10:01:29","guid":{"rendered":"https:\/\/www.mugiro.com\/de\/produkt\/nackenschutz-copiar\/"},"modified":"2022-09-22T17:16:56","modified_gmt":"2022-09-22T17:16:56","slug":"nackenschutz-copiar","status":"publish","type":"product","link":"https:\/\/www.mugiro.com\/de\/produkt\/nackenschutz-copiar\/","title":{"rendered":"Massageball"},"content":{"rendered":"<p>Der Massageball hilft, Muskelverspannungen zu l\u00f6sen und Schmerzen zu lindern. Durch seine runde Form passt er sich leicht an die K\u00f6rperform an und l\u00e4sst sich durch Rollen auf jeder ebenen Fl\u00e4che (Boden und Wand) einfach verwenden. Dank seiner kleinen Gr\u00f6\u00dfe ist er leicht und bequem zu transportieren. F\u00fcr die Aufbewahrung zu Hause kann der transparente Kunststoffhalter verwendet werden, mit dem das Produkt geliefert wird.<\/p>\n<ul>\n<li>Verbessert die Durchblutung. Durch die Muskelstimulation wird die Durchblutung gesteigert, was zur Linderung der durch die Muskelkontraktion verursachten Schmerzen beitr\u00e4gt.<\/li>\n<li>Wirkt schmerzlindernd und entspannend.  Indem Verspannungen gel\u00f6st und Muskelkontraktionen verringert werden, erh\u00f6ht sich die Beweglichkeit.<\/li>\n<li>Dank der kleinen Gr\u00f6\u00dfe einfach zu transportieren. Die Verpackung kann zur Aufbewahrung des Balls und zum einfachen Transport verwendet werden<\/li>\n<li>Ergonomisches und therapeutisches Design. Seine runde Form garantiert eine optimale Anpassungsf\u00e4higkeit an die Anwendungsoberfl\u00e4che. Seine kleinen runden Noppen fungieren als Druckpunkte, die den schmerzhaften Bereich entspannen und Druckaus\u00fcbung erm\u00f6glichen, ohne dass die Haut schmerzt.<\/li>\n<li>Waschbar und wiederverwendbar.<\/li>\n<\/ul>\n","protected":false},"excerpt":{"rendered":"<p>Lindert Schmerzen und Muskelverspannungen. Wirksam zur Linderung von Schmerzen durch Plantarfasziitis und Muskelkontrakturen.<\/p>\n","protected":false},"featured_media":1141,"comment_status":"open","ping_status":"closed","template":"","meta":[],"product_cat":[28,32],"product_tag":[],"class_list":{"0":"post-1004","1":"product","2":"type-product","3":"status-publish","4":"has-post-thumbnail","6":"product_cat-bola-de-masaje","7":"product_cat-bola-de-masaje-de","9":"first","10":"outofstock","11":"taxable","12":"shipping-taxable","13":"product-type-variable","14":"has-default-attributes"},"_links":{"self":[{"href":"https:\/\/www.mugiro.com\/de\/wp-json\/wp\/v2\/product\/1004","targetHints":{"allow":["GET"]}}],"collection":[{"href":"https:\/\/www.mugiro.com\/de\/wp-json\/wp\/v2\/product"}],"about":[{"href":"https:\/\/www.mugiro.com\/de\/wp-json\/wp\/v2\/types\/product"}],"replies":[{"embeddable":true,"href":"https:\/\/www.mugiro.com\/de\/wp-json\/wp\/v2\/comments?post=1004"}],"wp:featuredmedia":[{"embeddable":true,"href":"https:\/\/www.mugiro.com\/de\/wp-json\/wp\/v2\/media\/1141"}],"wp:attachment":[{"href":"https:\/\/www.mugiro.com\/de\/wp-json\/wp\/v2\/media?parent=1004"}],"wp:term":[{"taxonomy":"product_cat","embeddable":true,"href":"https:\/\/www.mugiro.com\/de\/wp-json\/wp\/v2\/product_cat?post=1004"},{"taxonomy":"product_tag","embeddable":true,"href":"https:\/\/www.mugiro.com\/de\/wp-json\/wp\/v2\/product_tag?post=1004"}],"curies":[{"name":"wp","href":"https:\/\/api.w.org\/{rel}","templated":true}]}}