{"id":955,"date":"2016-03-15T14:46:48","date_gmt":"2016-03-15T14:46:48","guid":{"rendered":"https:\/\/www.mugiro.com\/de\/aviso-legal\/"},"modified":"2021-04-06T09:30:08","modified_gmt":"2021-04-06T09:30:08","slug":"rechtlichen-bedingungen","status":"publish","type":"page","link":"https:\/\/www.mugiro.com\/de\/rechtlichen-bedingungen\/","title":{"rendered":"Rechtlichen Bedingungen"},"content":{"rendered":"<p>IMPRESSUM UND DATENSCHUTZRICHTLINIE<br \/>\nSCHUTZ PERSONENBEZOGENER DATEN<\/p>\n<p>Die Nutzer verpflichten sich, die Website und ihren Inhalt nach bestem Wissen und Gewissen zu nutzen. In \u00dcbereinstimmung mit den Bestimmungen des Gesetzes 15\/1999 \u00fcber den Schutz personenbezogener Daten informieren wir Sie dar\u00fcber, dass Sie mit dem Ausf\u00fcllen eines Formulars auf der Website www.mugiro.com und dem Senden einer E-Mail an eine unserer E-Mail-Adressen diese Datenschutzrichtlinie akzeptieren und Mugiro Sports, S.L. zur Verarbeitung der von Ihnen \u00fcbermittelten personenbezogenen Daten erm\u00e4chtigen. Sie k\u00f6nnen Ihre Zustimmung jederzeit per E-Mail an info@mugiro.com widerrufen. Die Daten des Nutzers werden f\u00fcr den Versand der von Mugiro Sports, S.L. get\u00e4tigten Verk\u00e4ufe per E-Mail und f\u00fcr die Lieferung der Bestellungen verwendet. Durch den blo\u00dfen Besuch der Website \u00fcbermittelt der Nutzer keine personenbezogenen Daten und ist auch nicht verpflichtet, diese zu \u00fcbermitteln. Der Computer, auf dem die Website gehostet wird, verwendet Cookies, um den von Mugiro Sports, S.L. angebotenen Service zu verbessern.<\/p>\n<p>Diese Cookies werden automatisch auf dem von Kunden und Nutzern verwendeten Computer installiert, speichern jedoch keine Informationen \u00fcber sie. Mugiro Sports, S.L. verpflichtet sich, die ihm \u00fcbermittelten Informationen streng vertraulich zu behandeln und sie nur f\u00fcr die angegebenen Zwecke zu verwenden. Mugiro Sports, S.L. geht davon aus, dass die Daten vom Inhaber oder einer vom Inhaber bevollm\u00e4chtigten Person \u00fcbermittelt wurden und dass sie korrekt und genau sind. Es obliegt dem Inhaber, seine personenbezogenen Daten zu aktualisieren. Der Kunde hat jederzeit das Recht auf Zugang, Berichtigung, L\u00f6schung und Widerruf aller personenbezogenen Daten, die in den verschiedenen Registrierungsformularen enthalten sind. Zur Aus\u00fcbung dieses Rechtes muss der Kunde auf www.mugiro.com zum Bereich \u201eMein Konto\u201c gehen. Daher ist der Kunde f\u00fcr die Richtigkeit der Daten verantwortlich und Mugiro Sports, S.L. \u00fcbernimmt keine Verantwortung f\u00fcr die Unrichtigkeit personenbezogener Daten der Nutzer. In \u00dcbereinstimmung mit den geltenden Datenschutzgesetzen hat Mugiro Sports, S.L. angemessene Sicherheitsstandards f\u00fcr die von den Nutzern zur Verf\u00fcgung gestellten Daten implementiert und dar\u00fcber hinaus alle ihm zur Verf\u00fcgung stehenden Mittel und Ma\u00dfnahmen ergriffen, um Verlust, Missbrauch, Manipulation, unbefugten Zugriff und Entnahme derselben zu verhindern.<\/p>\n<p>NUTZUNGSBEDINGUNGEN<\/p>\n<p>ZWECK UND ALLGEMEINES<\/p>\n<p>Diese Allgemeinen Nutzungsbedingungen, Verkaufsbedingungen und Datenschutzrichtlinien (im Folgenden \u201eNB\u201c) regeln die Nutzung der Website www.mugiro.com (im Folgenden \u201edie Website\u201c), deren Inhaber Mugiro Sports, S.L. (im Folgenden \u201eMugiro Sports, S.L.\u201c) ist. Mugiro Sports, S.L. ist eine Gesellschaft mit der Steuernummer (NIF): B666943008, mit Sitz in Paseo Bonanova 39, planta Atico, puerta 1, 08022 Barcelona. Mugiro Sports, S.L. informiert auf seiner Website www.mugiro.com \u00fcber seine Produkte und Dienstleistungen und bietet die M\u00f6glichkeit, diese in Anspruch zu nehmen. Aufgrund des Inhalts und des Zwecks der Website m\u00fcssen Personen, die deren Produkte erwerben m\u00f6chten, Kunden sein. Hierf\u00fcr ist es erforderlich, das Registrierungsformular auszuf\u00fcllen und die Schritte zu befolgen, die Mugiro Sports, S.L. anschlie\u00dfend per E-Mail mitteilt. Der Kundenstatus setzt die Befolgung der NB in der zum Zeitpunkt des Zugriffs auf die Website ver\u00f6ffentlichten Fassung voraus. Es gibt in jedem Fall Seiten der Website, die f\u00fcr nat\u00fcrliche oder juristische Personen zug\u00e4nglich sind, die sich nicht registrieren oder eine Produktbestellung einleiten (im Folgenden \u201eNutzer\u201c genannt). In diesem Sinne erkl\u00e4rt sich der Nutzer, der auf diese Teile der Website zugreift, mit den in diesen Allgemeinen Nutzungsbedingungen dargelegten Bedingungen einverstanden, soweit diese anwendbar sind.<\/p>\n<p>RETOUREN VON BESTELLUNGEN AUS GR\u00dcNDEN, DIE MUGIRO NICHT ZU VERTRETEN HAT<\/p>\n<p>Das Produkt kann an Mugiro zur\u00fcckgeschickt werden, sofern es nicht manipuliert oder benutzt wurde. Das Produkt muss in seiner Originalverpackung retourniert werden und das Porto geht zu Lasten des Kunden. Bei Retouren werden die Versandkosten, die Mugiro beim Versand der Bestellung anfielen, abgezogen.<\/p>\n<p>PRODUKTGARANTIE<\/p>\n<p>Mugiro Sports, S.L. haftet f\u00fcr jegliche Qualit\u00e4tsfehler, die w\u00e4hrend des Herstellungsprozesses am Produkt aufgetreten sind und bei den Qualit\u00e4tskontrollen nicht festgestellt wurden. Im Falle von Herstellungsfehlern erstattet Mugiro Sports, S.L. nach der Untersuchung des Produkts und der Best\u00e4tigung dieser Fehler dem Kunden den vollst\u00e4ndigen Preis des Produktes oder ersetzt das Produkt durch ein neues.<\/p>\n<p>GEISTIGES UND GEWERBLICHES EIGENTUM<\/p>\n<p>Mugiro Sports, S.L. besitzt alle Rechte am Inhalt, Design und Quellcode dieser Website und insbesondere, aber nicht ausschlie\u00dflich, an den Fotos, Bildern, Texten, Logos, Designs, Marken, Handelsnamen und Daten, die auf der Website vorhanden sind. Kunden und Nutzer werden darauf hingewiesen, dass diese Rechte durch die geltenden spanischen und internationalen Gesetze f\u00fcr geistiges und gewerbliches Eigentum gesch\u00fctzt sind. Ebenso und unbeschadet des Vorangehenden wird der Inhalt dieser Website als Computerprogramm betrachtet und daher sind auch alle einschl\u00e4gigen spanischen und EU-Rechtsvorschriften anwendbar. Die vollst\u00e4ndige oder teilweise Vervielf\u00e4ltigung dieser Website, auch mittels eines Hyperlinks, oder eines ihrer Inhalte ist ohne die ausdr\u00fcckliche schriftliche Genehmigung von Mugiro Sports, S.L. ausdr\u00fccklich untersagt. Ebenso ist jegliche Kopie, Vervielf\u00e4ltigung, Adaption, Ab\u00e4nderung, Verbreitung, Kommerzialisierung, \u00f6ffentliche Kommunikation und\/oder jede andere Handlung, die eine Verletzung der geltenden spanischen und\/oder internationalen Vorschriften \u00fcber geistiges und\/oder gewerbliches Eigentum darstellt, sowie die Nutzung der Inhalte der Website ohne die vorherige ausdr\u00fcckliche schriftliche Genehmigung von Mugiro Sports, S. L. strengstens untersagt. Mugiro Sports, S.L. gew\u00e4hrt keine Lizenz oder stillschweigende Genehmigung f\u00fcr die Rechte des geistigen und\/oder gewerblichen Eigentums oder f\u00fcr andere Rechte oder Eigentum im direkten oder indirekten Zusammenhang mit den Inhalten der Website.<\/p>\n<p>UNSERE VERANTWORTUNG<\/p>\n<p>Mugiro Sports, S.L. \u00fcbernimmt keine Verantwortung f\u00fcr \u2013 einschlie\u00dflich, aber nicht beschr\u00e4nkt auf \u2013 Folgendes: Die Nutzung seitens der Kunden oder Nutzer von Materialien auf dieser Website oder auf verlinkten Websites, ob verboten oder erlaubt, unter Versto\u00df gegen die Rechte des geistigen und\/oder gewerblichen Eigentums der Inhalte der Website oder von Dritten. F\u00fcr etwaige Sch\u00e4den, die Kunden oder Nutzern durch eine normale oder anormale Funktionsweise der Suchwerkzeuge, der Anordnung oder der Lokalisierung der Inhalte und\/oder des Zugangs zur Website entstehen, sowie allgemein f\u00fcr Fehler oder Probleme bei der Entwicklung oder Implementierung der technischen Elemente, die dem Nutzer von der Website oder einem Programm zur Verf\u00fcgung gestellt werden. F\u00fcr die Inhalte der Seiten, auf die Kunden oder Nutzer \u00fcber auf der Website enthaltene Links zugreifen k\u00f6nnen, unabh\u00e4ngig davon, ob sie autorisiert sind oder nicht. F\u00fcr die Handlungen oder Unterlassungen Dritter, unabh\u00e4ngig davon, ob diese Dritten mit Mugiro Sports, S.L. vertraglich verbunden sind. F\u00fcr den Zugang von Minderj\u00e4hrigen zu den Inhalten der Website, wobei es in der Verantwortung der Eltern oder Erziehungsberechtigten liegt, eine angemessene Kontrolle \u00fcber die Aktivit\u00e4ten der Kinder oder Minderj\u00e4hrigen in ihrer Obhut auszu\u00fcben oder ein Instrument zur Kontrolle der Internetnutzung zu installieren, um zu vermeiden, dass (i) personenbezogene Daten ohne die vorherige Genehmigung der Eltern oder Erziehungsberechtigten gesendet werden. F\u00fcr die Kommunikationen oder Gespr\u00e4che im Rahmen der Debatten, Foren, Chats und virtuellen Gemeinschaften, die \u00fcber oder rund um die Website und\/oder verlinkte Websites organisiert werden, und in der Folge weder f\u00fcr Sch\u00e4den, die Kunden oder einzelnen und\/oder gemeinschaftlichen Nutzern infolge solcher Kommunikationen und\/oder Gespr\u00e4che entstehen. Mugiro Sports, S.L. haftet in keinem Fall f\u00fcr folgende Ereignisse: Fehler oder Verz\u00f6gerungen beim Zugriff auf die Website seitens des Kunden bei der Eingabe seiner Daten in das Bestellformular, der langsame oder fehlgeschlagene Empfang der Auftragsbest\u00e4tigung seitens der Empf\u00e4nger oder jegliche St\u00f6rung, die entstehen kann, wenn diese Vorf\u00e4lle auf Probleme im Internet, unvorhersehbare Ereignisse oder h\u00f6here Gewalt und jede andere unvorhersehbare Eventualit\u00e4t au\u00dferhalb der Kontrolle von Mugiro Sports, S. L. zur\u00fcckzuf\u00fchren sind, Ausf\u00e4lle oder Zwischenf\u00e4lle bei der Kommunikation, L\u00f6schung oder unvollst\u00e4ndige \u00dcbertragungen, sodass es keine Garantie daf\u00fcr gibt, dass die Dienste der Website st\u00e4ndig einsatzbereit sind. Fehler oder Sch\u00e4den der Website, die durch ineffiziente und b\u00f6swillige Nutzung des Dienstes durch den Kunden verursacht werden. Nichterreichbarkeit oder Probleme bei der vom Kunden angegebenen E-Mail-Adresse zum Versand der Auftragsbest\u00e4tigung. Mugiro Sports, S.L. verpflichtet sich in jedem Fall, etwaige auftretende Probleme zu l\u00f6sen und dem Partner jede erforderliche Unterst\u00fctzung anzubieten, um den Vorfall schnell und zufriedenstellend zu l\u00f6sen. Ebenso hat Mugiro Sports, S.L. das Recht, in bestimmten Zeitabst\u00e4nden Werbekampagnen durchzuf\u00fchren, um die Registrierung neuer Mitglieder f\u00fcr seinen Service zu f\u00f6rdern. Mugiro Sports, S.L. beh\u00e4lt sich das Recht vor, die Anwendungsbedingungen der Werbeaktionen zu \u00e4ndern, sie durch ordnungsgem\u00e4\u00dfe Mitteilung zu verl\u00e4ngern oder einen Teilnehmer von der Werbeaktion auszuschlie\u00dfen, sollte eine Unregelm\u00e4\u00dfigkeit, ein Missbrauch oder ein unethisches Verhalten bei der Teilnahme an derselben festgestellt werden.<\/p>\n<p>NICHTIGKEIT<\/p>\n<p>F\u00fcr den Fall, dass eine Klausel dieser NB f\u00fcr nichtig erkl\u00e4rt wird, bleiben die anderen Klauseln in Kraft und sind unter Ber\u00fccksichtigung des Willens der Parteien und des Zwecks dieser NB auszulegen. Mugiro Sports, S.L. ist berechtigt, von den in diesem Dokument gew\u00e4hrten Rechten und Befugnissen keinen Gebrauch zu machen, was in keinem Fall einen Verzicht auf diese Rechte und Befugnisse bedeutet, au\u00dfer bei einer ausdr\u00fccklichen Anerkennung seitens Mugiro Sports, S.L. oder Verj\u00e4hrung der in jedem Fall entsprechenden Ma\u00dfnahme.<\/p>\n<p>\u00c4NDERUNG DER NUTZUNGSBEDINGUNGEN<\/p>\n<p>Mugiro Sports, S.L. beh\u00e4lt sich das Recht vor, jederzeit die Darstellung und Konfiguration der Website sowie die vorliegenden Allgemeinen Bedingungen zu \u00e4ndern. Daher empfiehlt Mugiro Sports, S.L. dem Kunden, diese bei jedem Zugriff auf die Website sorgf\u00e4ltig zu lesen. Kunden und Nutzern stehen diese NB stets an einem sichtbaren, frei zug\u00e4nglichen Ort f\u00fcr eventuelle R\u00fcckfragen zur Verf\u00fcgung. In jedem Fall ist die Annahme der NB ein unerl\u00e4sslicher Schritt vor dem Erwerb eines \u00fcber die Website erh\u00e4ltlichen Produkts.<\/p>\n<p>ANWENDBARES RECHT UND SCHIEDSGERICHTSBARKEIT<\/p>\n<p>Die vorliegenden NB unterliegen dem geltenden spanischen Recht. Zur Beilegung von Streitigkeiten oder Konflikten, die sich aus diesen NB ergeben, unterwerfen sich die Parteien der Zust\u00e4ndigkeit der Gerichte der Stadt Barcelona, sofern das Gesetz keine andere Zust\u00e4ndigkeit vorschreibt.<\/p>\n","protected":false},"excerpt":{"rendered":"<p>IMPRESSUM UND DATENSCHUTZRICHTLINIE SCHUTZ PERSONENBEZOGENER DATEN Die Nutzer verpflichten sich, die Website und ihren Inhalt nach bestem Wissen und Gewissen zu nutzen. In \u00dcbereinstimmung mit den Bestimmungen des Gesetzes 15\/1999 \u00fcber den Schutz personenbezogener Daten informieren wir Sie dar\u00fcber, dass Sie mit dem Ausf\u00fcllen eines Formulars auf der Website www.mugiro.com und dem Senden einer E-Mail [&hellip;]<\/p>\n","protected":false},"author":1,"featured_media":0,"parent":0,"menu_order":0,"comment_status":"closed","ping_status":"closed","template":"","meta":{"footnotes":""},"class_list":["post-955","page","type-page","status-publish","hentry"],"_links":{"self":[{"href":"https:\/\/www.mugiro.com\/de\/wp-json\/wp\/v2\/pages\/955","targetHints":{"allow":["GET"]}}],"collection":[{"href":"https:\/\/www.mugiro.com\/de\/wp-json\/wp\/v2\/pages"}],"about":[{"href":"https:\/\/www.mugiro.com\/de\/wp-json\/wp\/v2\/types\/page"}],"author":[{"embeddable":true,"href":"https:\/\/www.mugiro.com\/de\/wp-json\/wp\/v2\/users\/1"}],"replies":[{"embeddable":true,"href":"https:\/\/www.mugiro.com\/de\/wp-json\/wp\/v2\/comments?post=955"}],"version-history":[{"count":4,"href":"https:\/\/www.mugiro.com\/de\/wp-json\/wp\/v2\/pages\/955\/revisions"}],"predecessor-version":[{"id":983,"href":"https:\/\/www.mugiro.com\/de\/wp-json\/wp\/v2\/pages\/955\/revisions\/983"}],"wp:attachment":[{"href":"https:\/\/www.mugiro.com\/de\/wp-json\/wp\/v2\/media?parent=955"}],"curies":[{"name":"wp","href":"https:\/\/api.w.org\/{rel}","templated":true}]}}